{"id":2,"date":"2018-05-14T00:00:00","date_gmt":"2018-05-14T00:00:00","guid":{"rendered":"http:\/\/sindadm.com.br\/?page_id=2"},"modified":"2025-02-07T13:10:21","modified_gmt":"2025-02-07T13:10:21","slug":"sample-page","status":"publish","type":"page","link":"http:\/\/sindadm.com.br\/?page_id=2","title":{"rendered":"Conv\u00eanios"},"content":{"rendered":"\n<div class=\"wp-block-media-text is-stacked-on-mobile\"><figure class=\"wp-block-media-text__media\"><img loading=\"lazy\" decoding=\"async\" width=\"300\" height=\"240\" src=\"http:\/\/sindadm.com.br\/wp-content\/uploads\/2024\/09\/Kaledo-Logomarca_-300-x-240-px-Formato-PNG-002.png\" alt=\"\" class=\"wp-image-636 size-full\"\/><\/figure><div class=\"wp-block-media-text__content\">\n<p>Descontos de at\u00e9 70% nas mensalisades, entre em contato pelo sindadm@terra.com.br  <\/p>\n<\/div><\/div>\n\n\n\n<div class=\"wp-block-media-text is-stacked-on-mobile\"><figure class=\"wp-block-media-text__media\"><img loading=\"lazy\" decoding=\"async\" width=\"378\" height=\"133\" src=\"http:\/\/sindadm.com.br\/wp-content\/uploads\/2025\/02\/images.png\" alt=\"\" class=\"wp-image-693 size-full\" srcset=\"http:\/\/sindadm.com.br\/wp-content\/uploads\/2025\/02\/images.png 378w, http:\/\/sindadm.com.br\/wp-content\/uploads\/2025\/02\/images-300x106.png 300w\" sizes=\"auto, (max-width: 378px) 100vw, 378px\" \/><\/figure><div class=\"wp-block-media-text__content\">\n<p>Descontos atrelados ao pre\u00e7o do site <a href=\"https:\/\/portal.fmu.br\/\">https:\/\/portal.fmu.br\/<\/a>.<br>60% no primeiro semestre + 20% de desconto no pre\u00e7o liquido = 80%<br>50% em todo o curso + 10% em cima do l\u00edquido site= 60% em todo o curso.<br>P\u00f3s s\u00e3o 20% em todo o curso.<\/p>\n<\/div><\/div>\n","protected":false},"excerpt":{"rendered":"<p>Descontos de at\u00e9 70% nas mensalisades, entre em contato pelo sindadm@terra.com.br Descontos atrelados ao pre\u00e7o do site https:\/\/portal.fmu.br\/.60% no primeiro semestre + 20% de desconto [&#8230;]<\/p>\n","protected":false},"author":1,"featured_media":0,"parent":0,"menu_order":0,"comment_status":"closed","ping_status":"open","template":"","meta":{"footnotes":""},"class_list":["post-2","page","type-page","status-publish","hentry"],"_links":{"self":[{"href":"http:\/\/sindadm.com.br\/index.php?rest_route=\/wp\/v2\/pages\/2","targetHints":{"allow":["GET"]}}],"collection":[{"href":"http:\/\/sindadm.com.br\/index.php?rest_route=\/wp\/v2\/pages"}],"about":[{"href":"http:\/\/sindadm.com.br\/index.php?rest_route=\/wp\/v2\/types\/page"}],"author":[{"embeddable":true,"href":"http:\/\/sindadm.com.br\/index.php?rest_route=\/wp\/v2\/users\/1"}],"replies":[{"embeddable":true,"href":"http:\/\/sindadm.com.br\/index.php?rest_route=%2Fwp%2Fv2%2Fcomments&post=2"}],"version-history":[{"count":4,"href":"http:\/\/sindadm.com.br\/index.php?rest_route=\/wp\/v2\/pages\/2\/revisions"}],"predecessor-version":[{"id":695,"href":"http:\/\/sindadm.com.br\/index.php?rest_route=\/wp\/v2\/pages\/2\/revisions\/695"}],"wp:attachment":[{"href":"http:\/\/sindadm.com.br\/index.php?rest_route=%2Fwp%2Fv2%2Fmedia&parent=2"}],"curies":[{"name":"wp","href":"https:\/\/api.w.org\/{rel}","templated":true}]}}