{"id":20,"date":"2018-05-15T22:07:27","date_gmt":"2018-05-15T22:07:27","guid":{"rendered":"http:\/\/sindadm.com.br\/?page_id=20"},"modified":"2025-09-23T20:17:31","modified_gmt":"2025-09-23T20:17:31","slug":"convencoes-capital","status":"publish","type":"page","link":"http:\/\/sindadm.com.br\/?page_id=20","title":{"rendered":"Conven\u00e7\u00f5es Capital"},"content":{"rendered":"<p>Conven\u00e7\u00f5es Coletivas da Capital &#8211; Data Base\u00a0 &#8211; 01\/AGOSTO<br \/>\n(anteriores aos anos dispon\u00edveis solicitar por e-mail)<\/p>\n<p><a href=\"http:\/\/sindadm.com.br\/wp-content\/uploads\/2025\/09\/Convcap_2025-2026-3.pdf\">Convcap_2025-2026<\/a><\/p>\n<p><a href=\"http:\/\/sindadm.com.br\/wp-content\/uploads\/2024\/09\/Convcap_2024-2025.pdf\">Convcap_2024-2025<img loading=\"lazy\" decoding=\"async\" class=\"wp-image-686 aligncenter\" src=\"http:\/\/sindadm.com.br\/wp-content\/uploads\/2025\/02\/CCT-capital-24-25-300x300.png\" alt=\"\" width=\"160\" height=\"160\" srcset=\"http:\/\/sindadm.com.br\/wp-content\/uploads\/2025\/02\/CCT-capital-24-25-300x300.png 300w, http:\/\/sindadm.com.br\/wp-content\/uploads\/2025\/02\/CCT-capital-24-25-150x150.png 150w, http:\/\/sindadm.com.br\/wp-content\/uploads\/2025\/02\/CCT-capital-24-25.png 450w\" sizes=\"auto, (max-width: 160px) 100vw, 160px\" \/><\/a><\/p>\n<p><a href=\"http:\/\/sindadm.com.br\/wp-content\/uploads\/2023\/09\/Convcap_2023-2024.pdf\">Convcap 2023-2024<\/a><br \/>\n<a href=\"http:\/\/sindadm.com.br\/wp-content\/uploads\/2023\/09\/Convcap_2023-2024-aditamento.pdf\">Aditamento CCT 23-24<\/a><\/p>\n<p><a href=\"http:\/\/sindadm.com.br\/wp-content\/uploads\/2022\/08\/Convcap_2022-2023.pdf\">Convcap_2022-2023<\/a><\/p>\n<p><a href=\"http:\/\/sindadm.com.br\/wp-content\/uploads\/2021\/09\/Convcap_2021-2022-1.pdf\">Convcap 2021-2022<\/a><\/p>\n<p><a href=\"http:\/\/sindadm.com.br\/wp-content\/uploads\/2021\/04\/Convcap_2020-2021.pdf\">Convcap_2020-2021<\/a><\/p>\n<p><a href=\"http:\/\/sindadm.com.br\/wp-content\/uploads\/2021\/03\/CCT-ADM-2020_2021-Assinada.pdf\">CCT-ADM-2020_2021-Assinada<\/a><\/p>\n<p><a href=\"http:\/\/sindadm.com.br\/wp-content\/uploads\/2020\/09\/Aditivo-a-CCT-2020-2021.pdf\">Aditivo a CCT 2019\/2020<\/a><\/p>\n<p>(MP 927 &#8211; 936 \/ 2020) <a href=\"http:\/\/sindadm.com.br\/wp-content\/uploads\/2020\/04\/TERMO-ADITIVO-TRAB-2019-2020-ASSINADO-ADM.pdf\">TERMO ADITIVO TRAB 2019-2020 ASSINADO ADM<\/a><\/p>\n<p><a href=\"http:\/\/sindadm.com.br\/wp-content\/uploads\/2019\/09\/Convcap_2019-2020.pdf\">Convcap_2019-2020<\/a><\/p>\n<p><a href=\"http:\/\/sindadm.com.br\/wp-content\/uploads\/2018\/11\/Convcap_2018-2019.pdf\">Convcap_2018-2019<\/a><\/p>\n<p><a href=\"http:\/\/sindadm.com.br\/wp-content\/uploads\/2018\/05\/Convcap_2017-2018.pdf\">Convcap_2017-2018<\/a><\/p>\n<p><a href=\"http:\/\/sindadm.com.br\/wp-content\/uploads\/2018\/05\/Convcap_2016-2017.pdf\">Convcap_2016-2017<\/a><\/p>\n<p><a href=\"http:\/\/sindadm.com.br\/wp-content\/uploads\/2018\/05\/Convcap_2015-2016.pdf\">Convcap_2015-2016<\/a><\/p>\n<p><a href=\"http:\/\/sindadm.com.br\/wp-content\/uploads\/2018\/05\/Convcap_2014-2015.pdf\">Convcap_2014-2015<\/a><\/p>\n<p><a href=\"http:\/\/sindadm.com.br\/wp-content\/uploads\/2018\/05\/Convcap_2013-2014.pdf\">Convcap_2013-2014<\/a><\/p>\n","protected":false},"excerpt":{"rendered":"<p>Conven\u00e7\u00f5es Coletivas da Capital &#8211; Data Base\u00a0 &#8211; 01\/AGOSTO (anteriores aos anos dispon\u00edveis solicitar por e-mail) Convcap_2025-2026 Convcap_2024-2025 Convcap 2023-2024 Aditamento CCT 23-24 Convcap_2022-2023 Convcap [&#8230;]<\/p>\n","protected":false},"author":1,"featured_media":0,"parent":0,"menu_order":0,"comment_status":"closed","ping_status":"closed","template":"","meta":{"footnotes":""},"class_list":["post-20","page","type-page","status-publish","hentry"],"_links":{"self":[{"href":"http:\/\/sindadm.com.br\/index.php?rest_route=\/wp\/v2\/pages\/20","targetHints":{"allow":["GET"]}}],"collection":[{"href":"http:\/\/sindadm.com.br\/index.php?rest_route=\/wp\/v2\/pages"}],"about":[{"href":"http:\/\/sindadm.com.br\/index.php?rest_route=\/wp\/v2\/types\/page"}],"author":[{"embeddable":true,"href":"http:\/\/sindadm.com.br\/index.php?rest_route=\/wp\/v2\/users\/1"}],"replies":[{"embeddable":true,"href":"http:\/\/sindadm.com.br\/index.php?rest_route=%2Fwp%2Fv2%2Fcomments&post=20"}],"version-history":[{"count":16,"href":"http:\/\/sindadm.com.br\/index.php?rest_route=\/wp\/v2\/pages\/20\/revisions"}],"predecessor-version":[{"id":722,"href":"http:\/\/sindadm.com.br\/index.php?rest_route=\/wp\/v2\/pages\/20\/revisions\/722"}],"wp:attachment":[{"href":"http:\/\/sindadm.com.br\/index.php?rest_route=%2Fwp%2Fv2%2Fmedia&parent=20"}],"curies":[{"name":"wp","href":"https:\/\/api.w.org\/{rel}","templated":true}]}}